{"id":611,"date":"2021-11-29T18:03:56","date_gmt":"2021-11-29T18:03:56","guid":{"rendered":"http:\/\/lorisacademy.com.br\/?page_id=611"},"modified":"2025-05-25T11:56:47","modified_gmt":"2025-05-25T11:56:47","slug":"faq","status":"publish","type":"page","link":"https:\/\/lorisacademy.com.br\/?page_id=611","title":{"rendered":"FAQ"},"content":{"rendered":"<div id=\"pl-611\"  class=\"panel-layout\" ><div id=\"pg-611-0\"  class=\"panel-grid panel-has-style\" ><div style=\"padding: 100px 0; \" data-overlay=\"true\" data-overlay-color=\"#000000\" class=\"panel-row-style panel-row-style-for-611-0\" ><div id=\"pgc-611-0-0\"  class=\"panel-grid-cell\" ><div id=\"panel-611-0-0-0\" class=\"so-panel widget widget_sow-editor panel-first-child panel-last-child\" data-index=\"0\" ><div style=\"text-align: left;\" data-title-color=\"#443f3f\" data-headings-color=\"#443f3f\" class=\"panel-widget-style panel-widget-style-for-611-0-0-0\" ><div\n\t\t\t\n\t\t\tclass=\"so-widget-sow-editor so-widget-sow-editor-base\"\n\t\t\t\n\t\t><h3 class=\"widget-title\">FAQ<\/h3>\n<div class=\"siteorigin-widget-tinymce textwidget\">\n\t<h5 dir=\"ltr\">1) Como sei em que n\u00edvel de Ingl\u00eas\u00a0 me encontro?<\/h5>\n<ul>\n<li dir=\"ltr\">A Academia Loris oferece um encontro gratuito no qual, atrav\u00e9s de conversa, leituras e outros recursos avalia o n\u00edvel no qual o candidato se encontra, e na devolutiva explica as necessidades do aluno para um aprendizado crescente e continuado.<\/li>\n<\/ul>\n<h5 dir=\"ltr\">2) A Loris Academy oferece aulas gratuitas para que eu possa conhecer o m\u00e9todo aplicado?<\/h5>\n<ul>\n<li dir=\"ltr\">A Loris Academy, antes de qualquer registro ou matricula, oferece um primeiro encontro gratuito no qual explica os m\u00e9todos e materiais e recursos, tira as d\u00favidas e apresenta o seu curr\u00edculo como institui\u00e7\u00e3o. Ap\u00f3s este primeiro encontro o candidato poder\u00e1 assistir a duas aulas gratuitamente.<\/li>\n<\/ul>\n<h5 dir=\"ltr\">3) Se ap\u00f3s matriculado eu venha a n\u00e3o me adaptar ao m\u00e9todo poderei ser reembolsado?<\/h5>\n<ul>\n<li dir=\"ltr\">A Loris Academy desenha o curso conforme a necessidade apresentada pelo aluno. As duas aulas iniciais s\u00e3o gratuitas justamente para que o aluno possa avaliar conte\u00fado, did\u00e1tica e metodologia aplicados pela institui\u00e7\u00e3o.<\/li>\n<li dir=\"ltr\">Se, acaso, o aluno nao se adaptar ap\u00f3s matricula e aulas cursadas, estamos abertos para adapta\u00e7\u00f5es que atendam \u00e0s demandas do aluno. Em ultimo caso, o aluno n\u00e3o estando satisfeito de alguma forma entramos em acordo e a matricula \u00e9 cancelada imediatamente sem \u00f4nus futuro nem multa para o aluno, por\u00e9m a comunica\u00e7\u00e3o de cancelamento dever\u00e1 se dar com o prazo m\u00ednimo de uma semana. H\u00e1 de se entender que aulas demandam prepara\u00e7\u00e3o e tempo. Portanto, o prazo de uma semana \u00e9 o mais vi\u00e1vel para que a escola redirecione suas atividades regulares.<\/li>\n<\/ul>\n<h5 dir=\"ltr\">4) Qual tipo de avalia\u00e7\u00e3o \u00e9 aplicada na Loris ?<\/h5>\n<ul>\n<li dir=\"ltr\">Para aulas presenciais temos avalia\u00e7\u00f5es bimestrais em Oral, Escrita, Audi\u00e7\u00e3o.<\/li>\n<li dir=\"ltr\">Para as aulas EAD trabalhamos com testes online ao vivo, escrita de reda\u00e7\u00e3o enviadas via e-mail com v\u00e1rios g\u00eaneros liter\u00e1rios. E, tamb\u00e9m testes de audi\u00e7\u00e3o, Estes, tamb\u00e9m, bimestrais.<\/li>\n<\/ul>\n<h5 dir=\"ltr\">5) A Loris \u00e9 institui\u00e7\u00e3o acreditada pela Cambridge ou Michigan para preparar e aplicar exames oficiais?<\/h5>\n<ul>\n<li dir=\"ltr\">Apesar de n\u00e3o possuir\u00a0 a certifica\u00e7\u00e3o para aplicar exames oficiais, encaminhamos com seguran\u00e7a os nossos alunos para as escolas oficialmente credenciadas.<\/li>\n<\/ul>\n<h5 dir=\"ltr\">6) Qual o tempo m\u00ednimo necess\u00e1rio para que eu me sinta apto a me comunica\u00a0 em L\u00edngua Inglesa?<\/h5>\n<ul>\n<li dir=\"ltr\">Determinar prazo para uma aprendizagem \u00e9 algo particular. Cada aluno tem seu tempo de aprender e cada um tem um processo e um ritmo. Por exemplo, se um aluno se dedica diariamente a 1 hora de estudo e se expor ao m\u00e1ximo poss\u00edvel ao idioma atrav\u00e9s de podcasts, filmes, m\u00fasicas, leitura em geral, certamente esse aluno absorver\u00e1 o idioma com mais rapidez.<\/li>\n<li dir=\"ltr\">A imers\u00e3o \u00e9 a chave do tempo de aprendizagem e, imergir envolve v\u00e1rios movimentos tais como os citados acima e tamb\u00e9m o ato de mudar os dispositivos eletr\u00f4nicos para o idioma em estudo.<\/li>\n<\/ul>\n<h5 dir=\"ltr\"><strong>7) Minhas aulas ser\u00e3o gravadas?<\/strong><\/h5>\n<div dir=\"ltr\">Nas aulas EAD priorizamos o presencial on-line, impossibilitamos grava\u00e7\u00f5es. Somos um curso regular de Ingl\u00eas e Portugu\u00eas e n\u00e3o temos o modo de venda de cursos no remoto.<\/div>\n<h5 dir=\"ltr\">8) Preciso adquirir algum livro para as aulas?<\/h5>\n<ul>\n<li dir=\"ltr\">A Loris, como personaliza o seu curso, dificilmente adotar\u00e1 um \u00fanico livro. Sugerimos livros para estudos em casa, com leitura graduada em seu n\u00edvel de ingl\u00eas. Os materiais usados s\u00e3o de inteira responsabilidade da Academia, respeitando sempre os direitos autorais devidos.<\/li>\n<li dir=\"ltr\">Usamos livros e materiais permitidos do youtube, em breve teremos nosso pr\u00f3prio canal com dicas e assuntos variados. Usamos livros da Universidade de Cambridge, Oxford, McMillan e outros. Trabalhamos com flashcards e outras ferramentas.<\/li>\n<li dir=\"ltr\">Lecionamos atrav\u00e9s da plataforma do Goolge Meet.<\/li>\n<\/ul>\n<h5 dir=\"ltr\">9) A Loris fala de letramento, existe alguma certifica\u00e7\u00e3o que a qualifica para tal?<\/h5>\n<ul>\n<li dir=\"ltr\">Somos especialistas em metodologia de ensino da Lingua Inglesa como l\u00edngua estrangeira e tamb\u00e9m somos credenciados pelo programa brit\u00e2nico THRASS - Teaching handwriting, reading and spellling skills - by Alan Davis \/ UK, um sistema f\u00f4nico eficaz que contempla incluso os disl\u00e9xicos.<\/li>\n<\/ul>\n<h5 dir=\"ltr\">10) As aulas que recaiam em feriados ser\u00e3o recompensadas?<\/h5>\n<ul>\n<li dir=\"ltr\">Somos flex\u00edveis a acordos entre as partes. Via de regra n\u00e3o repomos aulas que recaiam em feriados Nacionais, j\u00e1 os municipais e estaduais, estes se aplicam ao caso do EAD e acordos podem ser feitos para que se evite preju\u00edzo no processo de aprendizagem.<\/li>\n<\/ul>\n<h5 dir=\"ltr\">11) Qual o valor da hora\/aula e qual o tempo de hora\/aula?<\/h5>\n<ul>\n<li dir=\"ltr\">O valor da hora aula \u00e9 de R$ 75,00. Para outras moedas, a combinar. Para pacotes personalizados tanto de valores como numero de horas, a combinar.<\/li>\n<\/ul>\n<h5 dir=\"ltr\">12) Aulas canceladas por ambas as partes ser\u00e3o repostas?<\/h5>\n<ul>\n<li dir=\"ltr\">A aula cancelada pelo aluno dever\u00e1 ser comunicada com 24 horas de anteced\u00eancia para que ele tenha direito a reposi\u00e7\u00e3o. Aulas canceladas pelo professor ser\u00e3o repostas ou reembolsadas conforme necessidade.<\/li>\n<\/ul>\n<h5 dir=\"ltr\">13) Que plataformas s\u00e3o utilizadas para as aulas EAD?<\/h5>\n<ul>\n<li dir=\"ltr\">Usamos Google meet ou Zoom, conforme dom\u00ednio do aluno.<\/li>\n<\/ul>\n<h5 dir=\"ltr\"><strong>14) Qual a melhor idade para aprender?\u00a0<\/strong><\/h5>\n<ul>\n<li dir=\"ltr\">A melhor idade \u00e9 aquela na qual o aluno esteja verdadeiramente motivado.<\/li>\n<li dir=\"ltr\">Certamente quanto mais cedo o individuo iniciar a viv\u00eancia no idioma, mais rapidamente esse idioma ser\u00e1 absorvido e com mais consist\u00eancia.<\/li>\n<li dir=\"ltr\">O indiv\u00edduo desde o \u00fatero materno j\u00e1 estar\u00e1 absorvendo o idioma desde que a m\u00e3e se exponha a ele.<\/li>\n<li dir=\"ltr\">O letramento ocorrer\u00e1 naturalmente no brincar e j\u00e1 com 5 anos j\u00e1 se pode considerar uma ensinagem mais ativa, ainda no concreto.<\/li>\n<li dir=\"ltr\">Dos 6 anos\u00a0 em diante o uso de l\u00e1pis e borracha, canetinhas e desenvolvimento da escrita j\u00e1 podem ser iniciados sem preju\u00edzo \u00e0 alfabetiza\u00e7\u00e3o da l\u00edngua materna.<\/li>\n<li dir=\"ltr\">Entenda que cada individuo tem seu tempo, por isso definir um tempo para o aprendizado de cada pessoa \u00e9 algo muito relativo e sutil.<\/li>\n<\/ul>\n<h5 dir=\"ltr\"><strong>15) Como posso pagar pelo curso?<\/strong><\/h5>\n<ul>\n<li dir=\"ltr\">Recebemos atrav\u00e9s de PIX, dep\u00f3sito banc\u00e1rio. Em breve teremos o sistema de boleto e ainda estamos considerando outras formas de pagamento.<\/li>\n<\/ul>\n<h5 dir=\"ltr\"><strong>16) O que est\u00e1 incluso na contrata\u00e7\u00e3o de aulas?<\/strong><\/h5>\n<ul>\n<li dir=\"ltr\">Para EAD somente as aulas e a oferta de materiais no canal do youtube e podcasts<\/li>\n<li dir=\"ltr\">Para aulas presenciais oferecemos \"worksheets\", materiais para artes em geral.<\/li>\n<\/ul>\n<h5 dir=\"ltr\">17) Se eu gostar de estudar somente com um livro, a academia aceita?<\/h5>\n<ul>\n<li dir=\"ltr\">Como dito antes, sim, n\u00f3s personalizamos as aulas e se voc\u00ea gosta de seguir um determinado livro ou qualquer livro do inicio ao fim do mesmo e ir graduando, ajudamos na escolha do melhor material e seguiremos \u00e0 risca o mesmo para a sua aprendizagem.<\/li>\n<\/ul>\n<h5 dir=\"ltr\">18) Existe desconto para dois ou mais membros da familia?<\/h5>\n<ul>\n<li dir=\"ltr\">Sim, consideramos o fato de termos desconto gradativo para o segundo e o terceiro membro da mesma familia que venham a fechar contrato simuultaneamente com a Academia . Fale conosco pela webpage no nosso canal direto ou via WhatApp para maiores informa\u00e7\u00f5es<\/li>\n<\/ul>\n<h5 dir=\"ltr\">19) A Academia oferece cursos aos s\u00e1bados?<\/h5>\n<ul>\n<li dir=\"ltr\">Sim, conforme demanda abrimos nossa agenda para a necessidade do nosso p\u00fablico.<\/li>\n<\/ul>\n<h5 dir=\"ltr\">20) A Loris possue algum infoproduto?<\/h5>\n<ul>\n<li>Em breve lan\u00e7aremos o nosso primeiro curso online com foco em desbloquear a sua aprendizagem de ingl\u00eas.<\/li>\n<\/ul>\n<\/div>\n<\/div><\/div><\/div><\/div><\/div><\/div><\/div>","protected":false},"excerpt":{"rendered":"<p>1) Como sei em que n\u00edvel de Ingl\u00eas\u00a0 me encontro? A Academia Loris oferece um encontro gratuito no qual, atrav\u00e9s de conversa, leituras e outros recursos avalia o n\u00edvel no qual o candidato se encontra, e na devolutiva explica as necessidades do aluno para um aprendizado crescente e continuado. 2) A Loris Academy oferece aulas [&hellip;]<\/p>\n","protected":false},"author":1,"featured_media":0,"parent":0,"menu_order":0,"comment_status":"closed","ping_status":"closed","template":"page-templates\/page_front-page.php","meta":{"footnotes":""},"class_list":["post-611","page","type-page","status-publish","hentry"],"_links":{"self":[{"href":"https:\/\/lorisacademy.com.br\/index.php?rest_route=\/wp\/v2\/pages\/611","targetHints":{"allow":["GET"]}}],"collection":[{"href":"https:\/\/lorisacademy.com.br\/index.php?rest_route=\/wp\/v2\/pages"}],"about":[{"href":"https:\/\/lorisacademy.com.br\/index.php?rest_route=\/wp\/v2\/types\/page"}],"author":[{"embeddable":true,"href":"https:\/\/lorisacademy.com.br\/index.php?rest_route=\/wp\/v2\/users\/1"}],"replies":[{"embeddable":true,"href":"https:\/\/lorisacademy.com.br\/index.php?rest_route=%2Fwp%2Fv2%2Fcomments&post=611"}],"version-history":[{"count":10,"href":"https:\/\/lorisacademy.com.br\/index.php?rest_route=\/wp\/v2\/pages\/611\/revisions"}],"predecessor-version":[{"id":667,"href":"https:\/\/lorisacademy.com.br\/index.php?rest_route=\/wp\/v2\/pages\/611\/revisions\/667"}],"wp:attachment":[{"href":"https:\/\/lorisacademy.com.br\/index.php?rest_route=%2Fwp%2Fv2%2Fmedia&parent=611"}],"curies":[{"name":"wp","href":"https:\/\/api.w.org\/{rel}","templated":true}]}}