{"id":287,"date":"2018-07-22T16:34:21","date_gmt":"2018-07-22T16:34:21","guid":{"rendered":"http:\/\/lorisacademy.com.br\/?page_id=287"},"modified":"2021-05-31T17:40:50","modified_gmt":"2021-05-31T17:40:50","slug":"portugues","status":"publish","type":"page","link":"https:\/\/lorisacademy.com.br\/?page_id=287","title":{"rendered":"Portugu\u00eas"},"content":{"rendered":"<div id=\"pl-287\"  class=\"panel-layout\" ><div id=\"pg-287-0\"  class=\"panel-grid panel-has-style\" ><div style=\"padding: 100px 0; \" data-overlay=\"true\" class=\"panel-row-style panel-row-style-for-287-0\" ><div id=\"pgc-287-0-0\"  class=\"panel-grid-cell\" ><div id=\"panel-287-0-0-0\" class=\"so-panel widget widget_sow-editor panel-first-child panel-last-child\" data-index=\"0\" ><div style=\"text-align: left;\" data-title-color=\"#443f3f\" data-headings-color=\"#443f3f\" class=\"panel-widget-style panel-widget-style-for-287-0-0-0\" ><div\n\t\t\t\n\t\t\tclass=\"so-widget-sow-editor so-widget-sow-editor-base\"\n\t\t\t\n\t\t>\n<div class=\"siteorigin-widget-tinymce textwidget\">\n\t<p><img loading=\"lazy\" decoding=\"async\" class=\"alignnone size-full wp-image-537\" src=\"http:\/\/lorisacademy.com.br\/wp-content\/uploads\/2021\/05\/flag-protugues.png\" alt=\"\" width=\"275\" height=\"92\" srcset=\"https:\/\/lorisacademy.com.br\/wp-content\/uploads\/2021\/05\/flag-protugues.png 275w, https:\/\/lorisacademy.com.br\/wp-content\/uploads\/2021\/05\/flag-protugues-230x77.png 230w, https:\/\/lorisacademy.com.br\/wp-content\/uploads\/2021\/05\/flag-protugues-272x92.png 272w\" sizes=\"auto, (max-width: 275px) 100vw, 275px\" \/><\/p>\n<p><strong>P\u00fablico:<\/strong><\/p>\n<ul>\n<li>Alunos brasileiros e\/ou portugueses com necessidades de apoio escolar e ou para assuntos de trabalho, para apoio a entrevistas de emprego ou que migrem para o Brasil.<\/li>\n<li>Estrangeiros com interesse em aprender o Portugu\u00eas do Brasil ou o Portugu\u00eas Europeu.<\/li>\n<\/ul>\n<p><strong>Conte\u00fado:<\/strong> Os conte\u00fados se diferem de acordo com o p\u00fablico alvo.<\/p>\n<ul>\n<li>uso da l\u00edngua;<\/li>\n<li>conte\u00fados gramaticais;<\/li>\n<li>l\u00e9xico;<\/li>\n<li>fon\u00e9tica e fonologia;<\/li>\n<li>l\u00edngua falada;<\/li>\n<li>l\u00edngua escrita, formal e informal;<\/li>\n<li>conhecimentos gerais e culturais.<\/li>\n<\/ul>\n<p><strong>Propor\u00e7\u00e3o de alunos professores:<\/strong><\/p>\n<ul>\n<li>Haver\u00e1 um m\u00e1ximo de 6 crian\u00e7as em cada grupo;<\/li>\n<li>Cada grupo ser\u00e1 supervisionado por um professor treinado e um professor estagi\u00e1rio - para alunos de 3 a 6 anos de idade.<\/li>\n<\/ul>\n<blockquote>\n<p><em><strong>PARA ADULTOS<\/strong><\/em><br \/>\n<em>Tamb\u00e9m oferecemos aulas personalizadas para adultos ajustadas para atender suas necessidades espec\u00edficas.<\/em><\/p>\n<\/blockquote>\n<p><strong>Oferecemos:<\/strong><\/p>\n<ul>\n<li>Aulas particulares ou em grupos pequenos de Portugu\u00eas Brasileiro para estrangeiros;<\/li>\n<li>Letramento em l\u00edngua inglesa para crian\u00e7as a partir de 3 anos de idade;<\/li>\n<li>Letramento em portugu\u00eas brasileiro para crian\u00e7as estrangeiras a partir de 3 anos de idade;<\/li>\n<li>Aulas de Ingl\u00eas para todas as faixas et\u00e1rias, cursos ajustados \u00e0 necessidade do(s) aluno(s);<\/li>\n<li>Portugu\u00eas Europeu para pessoas que queiram migrar para Portugal;<\/li>\n<li>Apoio escolar em l\u00edngua portuguesa e l\u00edngua Inglesa.<\/li>\n<\/ul>\n<p>&nbsp;<\/p>\n<\/div>\n<\/div><\/div><\/div><\/div><\/div><\/div><\/div>","protected":false},"excerpt":{"rendered":"<p>P\u00fablico: Alunos brasileiros e\/ou portugueses com necessidades de apoio escolar e ou para assuntos de trabalho, para apoio a entrevistas de emprego ou que migrem para o Brasil. Estrangeiros com interesse em aprender o Portugu\u00eas do Brasil ou o Portugu\u00eas Europeu. Conte\u00fado: Os conte\u00fados se diferem de acordo com o p\u00fablico alvo. uso da l\u00edngua; [&hellip;]<\/p>\n","protected":false},"author":1,"featured_media":0,"parent":0,"menu_order":0,"comment_status":"closed","ping_status":"closed","template":"","meta":{"footnotes":""},"class_list":["post-287","page","type-page","status-publish","hentry"],"_links":{"self":[{"href":"https:\/\/lorisacademy.com.br\/index.php?rest_route=\/wp\/v2\/pages\/287","targetHints":{"allow":["GET"]}}],"collection":[{"href":"https:\/\/lorisacademy.com.br\/index.php?rest_route=\/wp\/v2\/pages"}],"about":[{"href":"https:\/\/lorisacademy.com.br\/index.php?rest_route=\/wp\/v2\/types\/page"}],"author":[{"embeddable":true,"href":"https:\/\/lorisacademy.com.br\/index.php?rest_route=\/wp\/v2\/users\/1"}],"replies":[{"embeddable":true,"href":"https:\/\/lorisacademy.com.br\/index.php?rest_route=%2Fwp%2Fv2%2Fcomments&post=287"}],"version-history":[{"count":23,"href":"https:\/\/lorisacademy.com.br\/index.php?rest_route=\/wp\/v2\/pages\/287\/revisions"}],"predecessor-version":[{"id":559,"href":"https:\/\/lorisacademy.com.br\/index.php?rest_route=\/wp\/v2\/pages\/287\/revisions\/559"}],"wp:attachment":[{"href":"https:\/\/lorisacademy.com.br\/index.php?rest_route=%2Fwp%2Fv2%2Fmedia&parent=287"}],"curies":[{"name":"wp","href":"https:\/\/api.w.org\/{rel}","templated":true}]}}