{"id":285,"date":"2018-07-22T16:34:04","date_gmt":"2018-07-22T16:34:04","guid":{"rendered":"http:\/\/lorisacademy.com.br\/?page_id=285"},"modified":"2023-06-02T21:22:21","modified_gmt":"2023-06-02T21:22:21","slug":"ingles","status":"publish","type":"page","link":"https:\/\/lorisacademy.com.br\/?page_id=285","title":{"rendered":"Ingl\u00eas"},"content":{"rendered":"<div id=\"pl-285\"  class=\"panel-layout\" ><div id=\"pg-285-0\"  class=\"panel-grid panel-has-style\" ><div style=\"padding: 5px 0; \" data-overlay=\"true\" data-overlay-color=\"#000000\" class=\"panel-row-style panel-row-style-for-285-0\" ><div id=\"pgc-285-0-0\"  class=\"panel-grid-cell\" ><div id=\"panel-285-0-0-0\" class=\"so-panel widget widget_sow-editor panel-first-child panel-last-child\" data-index=\"0\" ><div style=\"text-align: left;\" data-title-color=\"#443f3f\" data-headings-color=\"#443f3f\" class=\"panel-widget-style panel-widget-style-for-285-0-0-0\" ><div\n\t\t\t\n\t\t\tclass=\"so-widget-sow-editor so-widget-sow-editor-base\"\n\t\t\t\n\t\t><h3 class=\"widget-title\">PERMITA-NOS \"SER O VENTO SOB AS ASAS DO SEU FILHO\"<\/h3>\n<div class=\"siteorigin-widget-tinymce textwidget\">\n\t<p><img loading=\"lazy\" decoding=\"async\" class=\"alignnone size-full wp-image-536\" src=\"http:\/\/lorisacademy.com.br\/wp-content\/uploads\/2021\/05\/flag-ingles.png\" alt=\"ingles\" width=\"275\" height=\"92\" srcset=\"https:\/\/lorisacademy.com.br\/wp-content\/uploads\/2021\/05\/flag-ingles.png 275w, https:\/\/lorisacademy.com.br\/wp-content\/uploads\/2021\/05\/flag-ingles-230x77.png 230w, https:\/\/lorisacademy.com.br\/wp-content\/uploads\/2021\/05\/flag-ingles-272x92.png 272w\" sizes=\"auto, (max-width: 275px) 100vw, 275px\" \/><\/p>\n<p><strong>Nosso programa \/ Our programme<\/strong><\/p>\n<ul>\n<li>Faixa et\u00e1ria: inicial 3 anos e para todas as idades \/ Age: All ages starting from 3 year-old;<\/li>\n<li>Hora\/aula de 3 a 6 anos aulas de 50 minutos, com um intervalo de 5 minutos entre o processo \/ Time: 3 to 6 year-old (1 hour);\u00a0 7 year-old and upwards (1 \u00bd hours);<\/li>\n<\/ul>\n<p><strong>Sequ\u00eancia da aula \/ Classroom sequence:<\/strong><\/p>\n<ul>\n<li>Bate-papo inicial \/ ICE breaker;<\/li>\n<li>Revis\u00e3o do conte\u00fado da aula anterior \/ Warm up activities;<\/li>\n<li>Trabalhando novo vocabul\u00e1rio e temas \/ Lead in worksheet and others;<\/li>\n<li>Atividades atrav\u00e9s de artes, leituras ou m\u00fasica, v\u00eddeos \/ Arts in general;<\/li>\n<li>Atividades supervisionadas - guiadas \/ Controlled practice;<\/li>\n<li>Atividades livres para o final da aula tais como jogos, leituras, artes em geral, sempre utilizando conte\u00fado program\u00e1tico proposto no dia \/ Free practice;<\/li>\n<li>Ao final, corre\u00e7\u00f5es pertinentes para encerrar a aula \/ Delayed correction;<\/li>\n<\/ul>\n<p><strong>Propor\u00e7\u00e3o Professor por aluno \/ Teacher pupil ratio:<\/strong><\/p>\n<ul>\n<li>Haver\u00e1 no m\u00e1ximo 6 alunos por turma \/ There will be a maximum of 6 children in each group;<\/li>\n<li>Cada grupo de alunos mais jovens (3 a 6 anos de idade) ter\u00e1 um professor e um assistente \/ Each group of the youngest children (3 to 6) will be supervised by a trained teacher and one trainee teacher;<\/li>\n<\/ul>\n<p><em><strong>Aulas para adultos \/ FOR ADULTS<\/strong><\/em><\/p>\n<p><em>Oferecemos tamb\u00e9m aulas para qualquer faixa et\u00e1ria. <\/em><\/p>\n<p><em>Montamos o curso conforme a necessidade do aluno em\u00a0 pequenos grupos de interesses comuns ou em aulas particulares nas empresas, a domic\u00edlio, e online.\u00a0\u00a0<\/em><\/p>\n<p><em>Na pr\u00f3pria institui\u00e7\u00e3o ( em um futuro breve ap\u00f3s o termino da pandemia teremos nosso espa\u00e7o f\u00edsico, conforme demanda).<\/em><\/p>\n<p><em>\/ We also offer personalised classes for adults adjusted to meet their specific needs, also, in company.<\/em><\/p>\n<blockquote>\n<p>Em breve mais informa\u00e7\u00f5es<\/p>\n<\/blockquote>\n<\/div>\n<\/div><\/div><\/div><\/div><\/div><\/div><\/div>","protected":false},"excerpt":{"rendered":"<p>Nosso programa \/ Our programme Faixa et\u00e1ria: inicial 3 anos e para todas as idades \/ Age: All ages starting from 3 year-old; Hora\/aula de 3 a 6 anos aulas de 50 minutos, com um intervalo de 5 minutos entre o processo \/ Time: 3 to 6 year-old (1 hour);\u00a0 7 year-old and upwards (1 [&hellip;]<\/p>\n","protected":false},"author":1,"featured_media":0,"parent":0,"menu_order":0,"comment_status":"closed","ping_status":"closed","template":"","meta":{"footnotes":""},"class_list":["post-285","page","type-page","status-publish","hentry"],"_links":{"self":[{"href":"https:\/\/lorisacademy.com.br\/index.php?rest_route=\/wp\/v2\/pages\/285","targetHints":{"allow":["GET"]}}],"collection":[{"href":"https:\/\/lorisacademy.com.br\/index.php?rest_route=\/wp\/v2\/pages"}],"about":[{"href":"https:\/\/lorisacademy.com.br\/index.php?rest_route=\/wp\/v2\/types\/page"}],"author":[{"embeddable":true,"href":"https:\/\/lorisacademy.com.br\/index.php?rest_route=\/wp\/v2\/users\/1"}],"replies":[{"embeddable":true,"href":"https:\/\/lorisacademy.com.br\/index.php?rest_route=%2Fwp%2Fv2%2Fcomments&post=285"}],"version-history":[{"count":36,"href":"https:\/\/lorisacademy.com.br\/index.php?rest_route=\/wp\/v2\/pages\/285\/revisions"}],"predecessor-version":[{"id":633,"href":"https:\/\/lorisacademy.com.br\/index.php?rest_route=\/wp\/v2\/pages\/285\/revisions\/633"}],"wp:attachment":[{"href":"https:\/\/lorisacademy.com.br\/index.php?rest_route=%2Fwp%2Fv2%2Fmedia&parent=285"}],"curies":[{"name":"wp","href":"https:\/\/api.w.org\/{rel}","templated":true}]}}