{"id":163,"date":"2018-03-16T03:29:38","date_gmt":"2018-03-16T03:29:38","guid":{"rendered":"http:\/\/lorisacademy.com.br\/?page_id=163"},"modified":"2021-05-20T13:24:49","modified_gmt":"2021-05-20T13:24:49","slug":"planos","status":"publish","type":"page","link":"https:\/\/lorisacademy.com.br\/?page_id=163","title":{"rendered":"Planos"},"content":{"rendered":"<div id=\"pl-163\"  class=\"panel-layout\" ><div id=\"pg-163-0\"  class=\"panel-grid panel-has-style\" ><div style=\"padding: 100px 0; \" data-overlay=\"true\" data-overlay-color=\"#000000\" class=\"panel-row-style panel-row-style-for-163-0\" ><div id=\"pgc-163-0-0\"  class=\"panel-grid-cell\" ><div id=\"panel-163-0-0-0\" class=\"so-panel widget widget_sydney_pricing_tables sydney_pricing_widget panel-first-child panel-last-child\" data-index=\"0\" ><div style=\"text-align: left;\" data-title-color=\"#443f3f\" data-headings-color=\"#443f3f\" class=\"panel-widget-style panel-widget-style-for-163-0-0-0\" >\t\t\t<h3 class=\"widget-title\">Conhe\u00e7as nossos planos<\/h3>\r\n\t\t\t<div class=\"pricing-section style1\">\r\n\t\t\t\t\t\t\t\t\t\t\t\t\t\t\t\t\t\t\t\t\t\t\t\t\t\t\t\t\t\t\t\t\t\t\r\n\t\t\t\t\t\t\t\t\t\t\r\n\t\t\t\t\t\t\t\t\t\t\r\n\t\t\t\t\t\r\n\t\t\t\t\t<div class=\"sydney-pricing-table\">\r\n\t\t\t\t\t\t<div class=\"plan-item normal-plan\">\r\n\t\t\t\t\t\t\t<div class=\"plan-icon\">\r\n\t\t\t\t\t\t\t\t<i class=\"f155\"><\/i>\r\n\t\t\t\t\t\t\t<\/div>\r\n\t\t\t\t\t\t\t<h4>Google Meeting<\/h4>\r\n\t\t\t\t\t\t\t<div class=\"plan-price\">\r\n\t\t\t\t\t\t\t\tAulas Online\t\t\t\t\t\t\t<\/div>\t\t\t\t\t\t\t\r\n\t\t\t\t\t\t\t<div class=\"plan-text\">\r\n\t\t\t\t\t\t\t\t\t\t\t\t\t\t\t\t\t\t\t\t\t\t\t\t\t\t<div class=\"plan-feature\">Ingl\u00eas, Portugu\u00eas para estrangeiros e apoio escolar para o ensino fundamental e m\u00e9dio <\/div>\r\n\t\t\t\t\t\t\t\t\t\t\t\t\t\t\t\t\t\t\t\t\t\t\t\t<\/div>\r\n\t\t\t\t\t\t\t\t\t\t\t\t\t\t<div class=\"plan-btn\">\r\n\t\t\t\t\t\t\t\t<a target=\"_self\" class=\"roll-button button\" href=\"http:\/\/lorisacademy.com.br\/contato\/\">Quero<\/a>\r\n\t\t\t\t\t\t\t<\/div>\r\n\t\t\t\t\t\t\t\t\r\n\t\t\t\t\t\t<\/div>\r\n\t\t\t\t\t<\/div>\r\n\r\n\t\t\t\t\t\t\t\t\t\t\t\t\t\t\t\t\t\t\t\t\t\t\t\t\t\t\t\t\t\t\t\t\t\t\r\n\t\t\t\t\t\t\t\t\t\t\r\n\t\t\t\t\t\t\t\t\t\t\r\n\t\t\t\t\t\r\n\t\t\t\t\t<div class=\"sydney-pricing-table\">\r\n\t\t\t\t\t\t<div class=\"plan-item normal-plan\">\r\n\t\t\t\t\t\t\t<div class=\"plan-icon\">\r\n\t\t\t\t\t\t\t\t<i class=\"f155\"><\/i>\r\n\t\t\t\t\t\t\t<\/div>\r\n\t\t\t\t\t\t\t<h4>Em Breve<\/h4>\r\n\t\t\t\t\t\t\t<div class=\"plan-price\">\r\n\t\t\t\t\t\t\t\tAulas Presenciais\t\t\t\t\t\t\t<\/div>\t\t\t\t\t\t\t\r\n\t\t\t\t\t\t\t<div class=\"plan-text\">\r\n\t\t\t\t\t\t\t\t\t\t\t\t\t\t\t\t\t\t\t\t\t\t\t\t\t\t<div class=\"plan-feature\">in Company<\/div>\r\n\t\t\t\t\t\t\t\t\t\t\t\t\t\t\t\t\t\t\t\t\t\t\t\t<\/div>\r\n\t\t\t\t\t\t\t\t\t\t\t\t\t\t<div class=\"plan-btn\">\r\n\t\t\t\t\t\t\t\t<a target=\"_self\" class=\"roll-button button\" href=\"http:\/\/lorisacademy.com.br\/contato\/\">Quero<\/a>\r\n\t\t\t\t\t\t\t<\/div>\r\n\t\t\t\t\t\t\t\t\r\n\t\t\t\t\t\t<\/div>\r\n\t\t\t\t\t<\/div>\r\n\r\n\t\t\t\t\t\t\t\t\t\t\t\t\t\t\t\t\t\t\t\t\t\t\t\t\t\t\t\t\t\t\t\t\t\t\r\n\t\t\t\t\t\t\t\t\t\t\r\n\t\t\t\t\t\t\t\t\t\t\r\n\t\t\t\t\t\r\n\t\t\t\t\t<div class=\"sydney-pricing-table\">\r\n\t\t\t\t\t\t<div class=\"plan-item normal-plan\">\r\n\t\t\t\t\t\t\t<div class=\"plan-icon\">\r\n\t\t\t\t\t\t\t\t<i class=\"f155\"><\/i>\r\n\t\t\t\t\t\t\t<\/div>\r\n\t\t\t\t\t\t\t<h4>Mentoria<\/h4>\r\n\t\t\t\t\t\t\t<div class=\"plan-price\">\r\n\t\t\t\t\t\t\t\tPacote\t\t\t\t\t\t\t<\/div>\t\t\t\t\t\t\t\r\n\t\t\t\t\t\t\t<div class=\"plan-text\">\r\n\t\t\t\t\t\t\t\t\t\t\t\t\t\t\t\t\t\t\t\t\t\t\t\t\t\t<div class=\"plan-feature\">Para professores, pais e alunos<\/div>\r\n\t\t\t\t\t\t\t\t\t\t\t\t\t\t\t\t\t\t\t\t\t\t\t\t<\/div>\r\n\t\t\t\t\t\t\t\t\t\t\t\t\t\t<div class=\"plan-btn\">\r\n\t\t\t\t\t\t\t\t<a target=\"_self\" class=\"roll-button button\" href=\"http:\/\/lorisacademy.com.br\/contato\/\">Quero<\/a>\r\n\t\t\t\t\t\t\t<\/div>\r\n\t\t\t\t\t\t\t\t\r\n\t\t\t\t\t\t<\/div>\r\n\t\t\t\t\t<\/div>\r\n\r\n\t\t\t\t\r\n\t\t\t\t\t\r\n\t\t\t<\/div>\t\t\t\r\n\t<\/div><\/div><\/div><\/div><\/div><\/div>","protected":false},"excerpt":{"rendered":"","protected":false},"author":1,"featured_media":0,"parent":0,"menu_order":0,"comment_status":"closed","ping_status":"closed","template":"page-templates\/page_front-page.php","meta":{"footnotes":""},"class_list":["post-163","page","type-page","status-publish","hentry"],"_links":{"self":[{"href":"https:\/\/lorisacademy.com.br\/index.php?rest_route=\/wp\/v2\/pages\/163","targetHints":{"allow":["GET"]}}],"collection":[{"href":"https:\/\/lorisacademy.com.br\/index.php?rest_route=\/wp\/v2\/pages"}],"about":[{"href":"https:\/\/lorisacademy.com.br\/index.php?rest_route=\/wp\/v2\/types\/page"}],"author":[{"embeddable":true,"href":"https:\/\/lorisacademy.com.br\/index.php?rest_route=\/wp\/v2\/users\/1"}],"replies":[{"embeddable":true,"href":"https:\/\/lorisacademy.com.br\/index.php?rest_route=%2Fwp%2Fv2%2Fcomments&post=163"}],"version-history":[{"count":15,"href":"https:\/\/lorisacademy.com.br\/index.php?rest_route=\/wp\/v2\/pages\/163\/revisions"}],"predecessor-version":[{"id":535,"href":"https:\/\/lorisacademy.com.br\/index.php?rest_route=\/wp\/v2\/pages\/163\/revisions\/535"}],"wp:attachment":[{"href":"https:\/\/lorisacademy.com.br\/index.php?rest_route=%2Fwp%2Fv2%2Fmedia&parent=163"}],"curies":[{"name":"wp","href":"https:\/\/api.w.org\/{rel}","templated":true}]}}