{"id":155,"date":"2018-03-16T03:27:58","date_gmt":"2018-03-16T03:27:58","guid":{"rendered":"http:\/\/lorisacademy.com.br\/?page_id=155"},"modified":"2021-05-31T17:42:35","modified_gmt":"2021-05-31T17:42:35","slug":"cursos","status":"publish","type":"page","link":"https:\/\/lorisacademy.com.br\/?page_id=155","title":{"rendered":"Cursos"},"content":{"rendered":"<div id=\"pl-155\"  class=\"panel-layout\" ><div id=\"pg-155-0\"  class=\"panel-grid panel-has-style\" ><div style=\"padding: 100px 0; \" data-overlay=\"true\" data-overlay-color=\"#000000\" class=\"panel-row-style panel-row-style-for-155-0\" ><div id=\"pgc-155-0-0\"  class=\"panel-grid-cell\" ><div id=\"panel-155-0-0-0\" class=\"so-panel widget widget_sow-editor panel-first-child\" data-index=\"0\" ><div style=\"text-align: left;\" data-title-color=\"#443f3f\" data-headings-color=\"#443f3f\" class=\"panel-widget-style panel-widget-style-for-155-0-0-0\" ><div\n\t\t\t\n\t\t\tclass=\"so-widget-sow-editor so-widget-sow-editor-base\"\n\t\t\t\n\t\t><h3 class=\"widget-title\">CURSOS<\/h3>\n<div class=\"siteorigin-widget-tinymce textwidget\">\n\t<\/div>\n<\/div><\/div><\/div><div id=\"panel-155-0-0-1\" class=\"so-panel widget widget_sow-features panel-last-child\" data-index=\"1\" ><div style=\"text-align: left;\" data-title-color=\"#443f3f\" data-headings-color=\"#443f3f\" class=\"panel-widget-style panel-widget-style-for-155-0-0-1\" ><div\n\t\t\t\n\t\t\tclass=\"so-widget-sow-features so-widget-sow-features-default-719a6c495157-155\"\n\t\t\t\n\t\t><ul\n\tclass=\"sow-features-list\n\tsow-features-responsive\">\n\n\t\t\t<li\n\t\t\tclass=\"sow-features-feature sow-icon-container-position-top\"\n\t\t\tstyle=\"display: flex; flex-direction: column; width: calc(50% - 25px);\"\n\t\t>\n\t\t\t\n\t\t\t\t\t\t\t<div class=\"sow-features-feature-right-left-container\" style=\"display: flex; flex-direction: inherit;\">\n\t\t\t\t\t\t\t<div\t\t\t\tclass=\"sow-icon-container sow-container-none\"\n\t\t\t\tstyle=\"color: #46b450; \"\n\t\t\t\ttitle=\"English\"\n\t\t\t\t\t\t\t>\n\t\t\t\t\t\t\t\t\t\t<div class=\"sow-icon-image\" style=\"background-image: url(https:\/\/lorisacademy.com.br\/wp-content\/uploads\/2021\/05\/flag-ingles.png); font-size: 25px\"><\/div>\n\t\t\t\t\t\t\t\t\t<\/div>\n\n\t\t\t<div class=\"textwidget\">\n\t\t\t\t\t\t\t\t\t<div class=\"sow-features-feature-content\">\n\t\t\t\t\n\t\t\t\t\t\t\t\t\t<h5 class=\"sow-features-feature-title\">\n\t\t\t\t\t\tIngl\u00eas\t\t\t\t\t<\/h5>\n\t\t\t\t\n\t\t\t\t\t\t\t\t\t<\/div>\n\t\t\t\t\t<p class=\"sow-more-text\">\n\t\t\t\t\t\t<a href=\"https:\/\/lorisacademy.com.br\/?page_id=285\" >\t\t\t\t\t\tSaiba mais\t\t\t\t\t\t<\/a>\t\t\t\t\t<\/p>\n\t\t\t\t\t\t\t<\/div>\n\t\t\t\t\t\t\t<\/div>\n\t\t\t\t\t\t\t\t<\/li>\n\n\t\t\t<li\n\t\t\tclass=\"sow-features-feature sow-icon-container-position-top\"\n\t\t\tstyle=\"display: flex; flex-direction: column; width: calc(50% - 25px);\"\n\t\t>\n\t\t\t\n\t\t\t\t\t\t\t<div class=\"sow-features-feature-right-left-container\" style=\"display: flex; flex-direction: inherit;\">\n\t\t\t\t\t\t\t<div\t\t\t\tclass=\"sow-icon-container sow-container-none\"\n\t\t\t\tstyle=\"color: #46b450; \"\n\t\t\t\ttitle=\"Portugu\u00eas\"\n\t\t\t\t\t\t\t>\n\t\t\t\t\t\t\t\t\t\t<div class=\"sow-icon-image\" style=\"background-image: url(https:\/\/lorisacademy.com.br\/wp-content\/uploads\/2021\/05\/flag-protugues.png); font-size: 25px\"><\/div>\n\t\t\t\t\t\t\t\t\t<\/div>\n\n\t\t\t<div class=\"textwidget\">\n\t\t\t\t\t\t\t\t\t<div class=\"sow-features-feature-content\">\n\t\t\t\t\n\t\t\t\t\t\t\t\t\t<h5 class=\"sow-features-feature-title\">\n\t\t\t\t\t\tPortugu\u00eas\t\t\t\t\t<\/h5>\n\t\t\t\t\n\t\t\t\t\t\t\t\t\t<\/div>\n\t\t\t\t\t<p class=\"sow-more-text\">\n\t\t\t\t\t\t<a href=\"https:\/\/lorisacademy.com.br\/?page_id=287\" >\t\t\t\t\t\tView more\t\t\t\t\t\t<\/a>\t\t\t\t\t<\/p>\n\t\t\t\t\t\t\t<\/div>\n\t\t\t\t\t\t\t<\/div>\n\t\t\t\t\t\t\t\t<\/li>\n\n\t<\/ul>\n<\/div><\/div><\/div><\/div><\/div><\/div><div id=\"pg-155-1\"  class=\"panel-grid panel-has-style\" ><div class=\"siteorigin-panels-stretch panel-row-style panel-row-style-for-155-1\" style=\"background-image: url(https:\/\/lorisacademy.com.br\/wp-content\/uploads\/2014\/11\/home_languageschool_slider_bg.jpg);padding: 100px 0; \" data-stretch-type=\"full\" data-hasbg=\"hasbg\" data-overlay=\"true\" data-overlay-color=\"#000000\" ><div id=\"pgc-155-1-0\"  class=\"panel-grid-cell\" ><div id=\"panel-155-1-0-0\" class=\"so-panel widget widget_cl-itext widget-cl-itext panel-first-child panel-last-child\" data-index=\"2\" ><div style=\"text-align: left;\" data-title-color=\"#ffffff\" data-headings-color=\"#443f3f\" class=\"panel-widget-style panel-widget-style-for-155-1-0-0\" ><h3 class=\"widget-title\">Nossos cursos s\u00e3o pr\u00e1ticos para v\u00e1rias finalidades:<\/h3><h2 class=\"cl-itext type_fadeIn align_center dynamic_bold cl_custom_css_1\" style=\"font-size:50px;\" onclick='return {\"duration\":300,\"delay\":5000,\"dynamicColor\":\"#ffffff\"}'><span class=\"cl-itext-part changesat_0 changesat_1 changesat_2 changesat_3 changesat_4 dynamic\" style=\"color:#ffffff;\" onclick='return [\"Sobrevivendo\",\"Dirigindo\",\"Viajando\",\"Indo\",\"\"]'>Sobrevivendo<\/span><span class=\"cl-itext-part changesat_0 changesat_3 changesat_4 dynamic\" style=\"color:#ffffff;\" onclick='return [\"\\u00a0\\u00a0\",\"\\u00a0\",\"\\u00a0\",\"\\u00a0\",\"\"]'>&nbsp;&nbsp;<\/span><span class=\"cl-itext-part changesat_0 changesat_1 changesat_2 changesat_3 changesat_4 dynamic\" style=\"color:#ffffff;\" onclick='return [\"no\",\"seu\",\"a\",\"\\u00e0s\",\"\"]'>no<\/span><span class=\"cl-itext-part changesat_3 changesat_4\" onclick='return [\"\\u00a0\",\"\\u00a0\",\"\\u00a0\",\"\\u00a0\",\"\"]'>&nbsp;<\/span><span class=\"cl-itext-part changesat_0 changesat_1 changesat_2 changesat_3 changesat_4 dynamic\" style=\"color:#ffffff;\" onclick='return [\"\",\"pr\\u00f3prio\",\"neg\\u00f3cio\",\"\",\"\"]'><\/span><span class=\"cl-itext-part changesat_0 changesat_2 changesat_3 changesat_4 dynamic\" style=\"color:#ffffff;\" onclick='return [\"\",\"\\u00a0\",\"\\u00a0\",\"\",\"\"]'><\/span><span class=\"cl-itext-part changesat_0 changesat_1 changesat_2 changesat_3 changesat_4 dynamic\" style=\"color:#ffffff;\" onclick='return [\"exterior\",\"neg\\u00f3cio\",\"ou\\u00a0a\\u00a0passeio\",\"compras\",\"\"]'>exterior<\/span><\/h2><style type=\"text\/css\">@media only screen and (max-width: 599px) {.cl_custom_css_1 { font-size: 30px !important; }}<\/style><\/div><\/div><\/div><\/div><\/div><div id=\"pg-155-2\"  class=\"panel-grid panel-has-style\" ><div style=\"padding: 100px 0; \" data-overlay=\"true\" data-overlay-color=\"#000000\" class=\"panel-row-style panel-row-style-for-155-2\" ><div id=\"pgc-155-2-0\"  class=\"panel-grid-cell panel-grid-cell-empty\" ><\/div><div id=\"pgc-155-2-1\"  class=\"panel-grid-cell\" ><div id=\"panel-155-2-1-0\" class=\"so-panel widget widget_list panel-first-child panel-last-child\" data-index=\"3\" ><div style=\"text-align: left;\" data-title-color=\"#443f3f\" data-headings-color=\"#443f3f\" class=\"panel-widget-style panel-widget-style-for-155-2-1-0\" ><h3 class=\"widget-title\">O que oferecemos<\/h3>\n\t\t<p>Roteiro de estudos<\/p>\n\t\t<ul class='roll-list'><li> Melhore a performance ao falar o idioma;<\/li><li> Como estudar: dicas, orienta\u00e7\u00f5es e estudos de \"mind map\" ;<\/li><li> T\u00e9cnicas e praticas em \"study skills\"aprenda a estudar e a organizar as ideias;<\/li><li> Aprenda a administrar conflitos  e sobreviva em seus estudos (direcionado para adolescentes); <\/li><li> Comunique-se melhor no trabalho e nas rela\u00e7\u00f5es sociais e profissionais;<\/li><li> Como estudar online;<\/li><li> Desenvolva habilidades de pensamentos: \"building thinking skills\".<\/li><\/ul>\t\t\t\t\n\t\t<\/div><\/div><\/div><div id=\"pgc-155-2-2\"  class=\"panel-grid-cell panel-grid-cell-mobile-last\" ><div id=\"panel-155-2-2-0\" class=\"so-panel widget widget_list panel-first-child panel-last-child\" data-index=\"4\" ><div style=\"text-align: left;\" data-title-color=\"#443f3f\" data-headings-color=\"#443f3f\" class=\"panel-widget-style panel-widget-style-for-155-2-2-0\" ><h3 class=\"widget-title\">Nossas vantagens<\/h3>\n\t\t<p>Por que estudar conosco?<\/p>\n\t\t<ul class='roll-list'><li> Aulas presenciais e online; <\/li><li> Apoio escolar gratuito para alunos cadastrados e seus dependentes;<\/li><li> Suporte t\u00e9cnico para entrevistas em geral;<\/li><li> Apoio em compras e bilhetes e pacotes de viagem; <\/li><li> Dicas de viagem;<\/li><li> Cursos de ajustados \u00e0s necessidades espec\u00edficas de cada aluno; <\/li><li> Como se adaptar no exterior no primeiro ano;<\/li><li> Dicas culturais que facilitar\u00e3o sua viagem ou perman\u00eancia na Espanha, It\u00e1lia, \u00c1frica do Sul e Portugal. <\/li><li> Material did\u00e1tico altamente indicado para ensinar alunos com dislexia: THRASS (Desenvolvido por profissionais qualificados na \u00e1rea de educa\u00e7\u00e3o e ensino de Ingl\u00eas, com base na fon\u00e9tica\/fonologia).<\/li><\/ul>\n\t\t\t\t\n\t\t<\/div><\/div><\/div><div id=\"pgc-155-2-3\"  class=\"panel-grid-cell panel-grid-cell-empty\" ><\/div><\/div><\/div><\/div>","protected":false},"excerpt":{"rendered":"<p>CURSOS Ingl\u00eas Saiba mais Portugu\u00eas View more Nossos cursos s\u00e3o pr\u00e1ticos para v\u00e1rias finalidades:Sobrevivendo&nbsp;&nbsp;no&nbsp;exteriorO que oferecemos Roteiro de estudos Melhore a performance ao falar o idioma; Como estudar: dicas, orienta\u00e7\u00f5es e estudos de &#8220;mind map&#8221; ; T\u00e9cnicas e praticas em &#8220;study skills&#8221;aprenda a estudar e a organizar as ideias; Aprenda a administrar conflitos e sobreviva [&hellip;]<\/p>\n","protected":false},"author":1,"featured_media":0,"parent":0,"menu_order":0,"comment_status":"closed","ping_status":"closed","template":"page-templates\/page_front-page.php","meta":{"footnotes":""},"class_list":["post-155","page","type-page","status-publish","hentry"],"_links":{"self":[{"href":"https:\/\/lorisacademy.com.br\/index.php?rest_route=\/wp\/v2\/pages\/155","targetHints":{"allow":["GET"]}}],"collection":[{"href":"https:\/\/lorisacademy.com.br\/index.php?rest_route=\/wp\/v2\/pages"}],"about":[{"href":"https:\/\/lorisacademy.com.br\/index.php?rest_route=\/wp\/v2\/types\/page"}],"author":[{"embeddable":true,"href":"https:\/\/lorisacademy.com.br\/index.php?rest_route=\/wp\/v2\/users\/1"}],"replies":[{"embeddable":true,"href":"https:\/\/lorisacademy.com.br\/index.php?rest_route=%2Fwp%2Fv2%2Fcomments&post=155"}],"version-history":[{"count":55,"href":"https:\/\/lorisacademy.com.br\/index.php?rest_route=\/wp\/v2\/pages\/155\/revisions"}],"predecessor-version":[{"id":158,"href":"https:\/\/lorisacademy.com.br\/index.php?rest_route=\/wp\/v2\/pages\/155\/revisions\/158"}],"wp:attachment":[{"href":"https:\/\/lorisacademy.com.br\/index.php?rest_route=%2Fwp%2Fv2%2Fmedia&parent=155"}],"curies":[{"name":"wp","href":"https:\/\/api.w.org\/{rel}","templated":true}]}}